{"id":412,"date":"2009-06-02T11:25:00","date_gmt":"2009-06-02T09:25:00","guid":{"rendered":"https:\/\/canif.org\/?page_id=412"},"modified":"2009-06-02T11:25:00","modified_gmt":"2009-06-02T09:25:00","slug":"zones-du-conservatoire","status":"publish","type":"page","link":"https:\/\/canif.org\/?page_id=412","title":{"rendered":"Zones du conservatoire"},"content":{"rendered":"\n<figure class=\"wp-block-image aligncenter size-full\"><img loading=\"lazy\" decoding=\"async\" width=\"496\" height=\"499\" src=\"https:\/\/canif.org\/wp-content\/uploads\/2023\/01\/zones-conservatoire.jpg\" alt=\"\" class=\"wp-image-260\" srcset=\"https:\/\/canif.org\/wp-content\/uploads\/2023\/01\/zones-conservatoire.jpg 496w, https:\/\/canif.org\/wp-content\/uploads\/2023\/01\/zones-conservatoire-298x300.jpg 298w, https:\/\/canif.org\/wp-content\/uploads\/2023\/01\/zones-conservatoire-150x150.jpg 150w\" sizes=\"auto, (max-width: 496px) 100vw, 496px\" \/><\/figure>\n\n\n\n<p>Ci-dessus une carte Google Maps vous indiquant o\u00f9 se situe le conservatoire, et les trois zones qui le composent. Si vos colonies se situent dans l&#8217;une de ces zones, reportez-vous au protocole de la zone concern\u00e9e. Dans tous les cas, pensez \u00e0 vous signaler aupr\u00e8s de nous.<\/p>\n\n\n\n<pre id=\"block-bdf6ff44-3b7f-4e8a-b79a-d1da6096f715\" class=\"wp-block-preformatted\"><strong>1- Zone sanctuaire :<\/strong><\/pre>\n\n\n<p><iframe src=\"https:\/\/www.google.com\/maps\/embed?pb=!1m14!1m12!1m3!1d121827.07816734158!2d1.989068533358499!3d48.60690186730476!2m3!1f0!2f0!3f0!3m2!1i1024!2i768!4f13.1!5e0!3m2!1sfr!2sfr!4v1685698665710!5m2!1sfr!2sfr\" style=\"border:0;\" allowfullscreen=\"\" loading=\"lazy\" referrerpolicy=\"no-referrer-when-downgrade\" width=\"600\" height=\"450\"><\/iframe><\/p>\n\n\n<p>Cette zone est le c\u0153ur du conservatoire situ\u00e9 sur la commune de Bullion. Elle a un rayon de 3 kms. Il s&#8217;agit de la zone minimale pour la mise en place d&#8217;un conservatoire, la zone la plus importante pour la conservation des souches qui y sont pr\u00e9sentes. L&#8217;ensemble des colonies d&#8217;abeilles qui y sont pr\u00e9sentes sont test\u00e9es g\u00e9n\u00e9tiquement. Les stations d&#8217;\u00e9levage permettent de produire des essaims, reines et m\u00e2les contr\u00f4l\u00e9s syst\u00e9matiquement. Il est imp\u00e9ratif que chaque apiculteur pr\u00e9sent sur cette zone se fasse connaitre, afin qu&#8217;on l&#8217;accompagne dans son installation de rucher. Toute autre sous-esp\u00e8ce d&#8217;abeille est proscrite dans cette zone.<br>Au sein de cette zone une apiculture extensive doit \u00eatre pratiqu\u00e9e. Les colonies doivent y \u00eatre men\u00e9e dans les conditions les plus proches de la nature de mani\u00e8re \u00e0 conserver une dynamique naturelle d&#8217;\u00e9volution sous les pressions de la s\u00e9lection naturelle.<br>Sont donc \u00e0 proscrire :<br>&nbsp;&nbsp;&nbsp; &#8211; le nourrissement stimulatif et\/ou sp\u00e9culatif<br>&nbsp;&nbsp;&nbsp; &#8211; la multiplication des souches par greffage \u00e0 l&#8217;int\u00e9rieur de la zone<br>&nbsp;&nbsp;&nbsp; &#8211; l&#8217;ins\u00e9mination artificielle<br>Cette zone est le c\u0153ur du conservatoire situ\u00e9 sur la commune de Bullion. Elle a un rayon de 3 kms. Il s&#8217;agit de la zone minimale pour la mise en place d&#8217;un conservatoire, la zone la plus importante pour la conservation des souches qui y sont pr\u00e9sentes. L&#8217;ensemble des colonies d&#8217;abeilles qui y sont pr\u00e9sentes sont test\u00e9es g\u00e9n\u00e9tiquement. Les stations d&#8217;\u00e9levage permettent de produire des essaims, reines et m\u00e2les contr\u00f4l\u00e9s syst\u00e9matiquement. Il est imp\u00e9ratif que chaque apiculteur pr\u00e9sent sur cette zone se fasse connaitre, afin qu&#8217;on l&#8217;accompagne dans son installation de rucher. Toute autre sous-esp\u00e8ce d&#8217;abeille est proscrite dans cette zone.<br><strong>Communes concern\u00e9es :<\/strong> Angervilliers, Bonnelles, Bullion, Cernay-la-Ville, Choisel, Clairefontaine-en-Yvelines, Forges-les-Bains, La Celle-les-Bordes, Limours, Longvilliers, Pecqueuse, Rochefort-en-Yvelines, Saint-Arnoult-en-Yvelines, Saint-Cyr-sous-Dourdan.<\/p>\n\n\n\n<p><code><strong>2- Zone Tampon :<\/strong><\/code><\/p>\n\n\n\n<p>La zone tampon est l&#8217;objectif \u00e0 atteindre pour obtenir un conservatoire fonctionnel. En effet, chez l&#8217;abeille les f\u00e9condations ont lieu au niveau de zones de rassemblements de males (congr\u00e9gations de males). Les males pr\u00e9sents au sein de de ces congr\u00e9gations proviennent \u00e0 70% de colonies situ\u00e9es dans un rayon de 3Km et \u00e0 90% d&#8217;un rayon de 7 Km. Le conservatoire ayant pour objectif de conserver une zone naturelle de reproduction, le risque d&#8217;hybridation diminue lorsque l&#8217;ensemble des colonies constituant cette zone est constitu\u00e9 d&#8217;abeilles noires.<br><strong>Communes concern\u00e9es :<\/strong> Angervilliers, Auffargis, Boullay-les-Troux, Cernay-la-Ville, Choisel, Clairefontaine-en-Yvelines, Dourdan, Forges-les-Bains, La Celle-les-Bordes, Les Moli\u00e8res, Le Val-Saint-Germain, Limours, Longvilliers, Pecqueuse, Saint-Arnoux-en-Yvelines, Saint-Cyr-sous-Dourdan, Senlisse, Sonchamp, Vaugrigneuse.<\/p>\n\n\n\n<p><strong>3- Zone d&#8217;Impact :<\/strong><\/p>\n\n\n\n<p>La zone d&#8217;impact est en moyenne de 15 kms. Il s&#8217;agit d&#8217;une zone o\u00f9 il est n\u00e9cessaire d&#8217;effectuer une \u00e9tude d&#8217;impact permettant de caract\u00e9riser l&#8217;origine et la diversit\u00e9 des colonies qui la constitue. Cette zone est importante pour d\u00e9terminer le risque d&#8217;hybridation au sein du conservatoire. Ce risque peut \u00eatre celui de colonies d&#8217;origines allochtones, ou d&#8217;hybrides qui pourraient envoyer des essaims dans la zone conservatoire (tampon et sanctuaire). Un autre risque d&#8217;hybridation est constitu\u00e9 par celui de males des colonies de la zone d&#8217;impact qui d\u00e9riveraient progressivement lors de la saison jusqu&#8217;\u00e0 une congr\u00e9gation de la zone conservatoire (sanctuaire ou tampon).<br><strong>Communes concern\u00e9es :<\/strong> Auffargis, Boullay-les-Troux, Bris-sous-Forges, Chevreuse, Courson Monteloup, Dampierre-en-Yvelines, Dourdan, Forges-les-Bains, Gometz-la-Ville, Les Moli\u00e8res, Le Val-Saint-Germain, Limours, Ponthevrard, Rambouillet, Roinville, Saint-Forget, Saint-Maurice-de-Montcouronne, Saint-Mesme, Sermaise, Sonchamp, Vaugrigneuse, Vieille-Eglise-en-Yvelines.<\/p>\n","protected":false},"excerpt":{"rendered":"<p>Ci-dessus une carte Google Maps vous indiquant o\u00f9 se situe le conservatoire, et les trois zones qui le composent. Si vos colonies se situent dans l&#8217;une de ces zones, reportez-vous au protocole de la zone concern\u00e9e. Dans tous les cas, pensez \u00e0 vous signaler aupr\u00e8s de nous. 1- Zone sanctuaire : Cette zone est le [&hellip;]<\/p>\n","protected":false},"author":1,"featured_media":0,"parent":0,"menu_order":0,"comment_status":"closed","ping_status":"closed","template":"","meta":{"footnotes":""},"class_list":["post-412","page","type-page","status-publish","hentry"],"_links":{"self":[{"href":"https:\/\/canif.org\/index.php?rest_route=\/wp\/v2\/pages\/412","targetHints":{"allow":["GET"]}}],"collection":[{"href":"https:\/\/canif.org\/index.php?rest_route=\/wp\/v2\/pages"}],"about":[{"href":"https:\/\/canif.org\/index.php?rest_route=\/wp\/v2\/types\/page"}],"author":[{"embeddable":true,"href":"https:\/\/canif.org\/index.php?rest_route=\/wp\/v2\/users\/1"}],"replies":[{"embeddable":true,"href":"https:\/\/canif.org\/index.php?rest_route=%2Fwp%2Fv2%2Fcomments&post=412"}],"version-history":[{"count":0,"href":"https:\/\/canif.org\/index.php?rest_route=\/wp\/v2\/pages\/412\/revisions"}],"wp:attachment":[{"href":"https:\/\/canif.org\/index.php?rest_route=%2Fwp%2Fv2%2Fmedia&parent=412"}],"curies":[{"name":"wp","href":"https:\/\/api.w.org\/{rel}","templated":true}]}}