{"id":206,"date":"2023-01-22T18:12:14","date_gmt":"2023-01-22T17:12:14","guid":{"rendered":"https:\/\/mellifera78.wordpress.com\/?page_id=206"},"modified":"2026-04-24T20:59:18","modified_gmt":"2026-04-24T20:59:18","slug":"contact","status":"publish","type":"page","link":"https:\/\/canif.org\/?page_id=206","title":{"rendered":"Contact"},"content":{"rendered":"\n<div class=\"wp-block-group alignfull has-text-color has-background has-link-color wp-elements-ccc449c18ff41ed5c442a22bb82d92c6 has-global-padding is-layout-constrained wp-block-group-is-layout-constrained\" style=\"color:#222222;background-color:#e6e6e6;margin-top:0px;margin-bottom:0px;padding-top:7vw;padding-bottom:7vw\">\n<div class=\"wp-block-columns alignwide is-layout-flex wp-container-core-columns-is-layout-28f84493 wp-block-columns-is-layout-flex\">\n<div class=\"wp-block-column is-layout-flow wp-block-column-is-layout-flow\" style=\"flex-basis:60%\">\n<h3 class=\"wp-block-heading has-x-large-font-size\" style=\"margin-top:0px;margin-right:0px;margin-bottom:0px;margin-left:0px\"><strong>Contactez-nous<\/strong><\/h3>\n<\/div>\n<\/div>\n\n\n\n<div class=\"wp-block-columns alignwide is-layout-flex wp-container-core-columns-is-layout-c4677a31 wp-block-columns-is-layout-flex\">\n<div class=\"wp-block-column is-layout-flow wp-block-column-is-layout-flow\" style=\"flex-basis:60%\">\n<p style=\"font-size:clamp(14px, 0.875rem + ((1vw - 3.2px) * 0.625), 20px);px\">N\u2019h\u00e9sitez pas \u00e0 communiquer en utilisant les coordonn\u00e9es ci-dessous ou utiliser le formulaire.<\/p>\n\n\n\n<div class=\"wp-block-jetpack-contact-form\">\n<\/div>\n<\/div>\n\n\n\n<div class=\"wp-block-column is-layout-flow wp-block-column-is-layout-flow\" style=\"flex-basis:40%\">\n<p style=\"font-size:clamp(14px, 0.875rem + ((1vw - 3.2px) * 0.625), 20px);px\">Mairie de Bullion,<br>149 Rue de Guette<br> 78830 Bullion FRANCE<\/p>\n\n\n\n<p>canif.<em>contact<\/em>@laposte.net<\/p>\n\n\n<\/div>\n<\/div>\n<\/div>\n","protected":false},"excerpt":{"rendered":"<p>Contactez-nous N\u2019h\u00e9sitez pas \u00e0 communiquer en utilisant les coordonn\u00e9es ci-dessous ou utiliser le formulaire. Mairie de Bullion,149 Rue de Guette 78830 Bullion FRANCE canif.contact@laposte.net<\/p>\n","protected":false},"author":1,"featured_media":0,"parent":0,"menu_order":0,"comment_status":"closed","ping_status":"closed","template":"","meta":{"footnotes":""},"class_list":["post-206","page","type-page","status-publish","hentry"],"_links":{"self":[{"href":"https:\/\/canif.org\/index.php?rest_route=\/wp\/v2\/pages\/206","targetHints":{"allow":["GET"]}}],"collection":[{"href":"https:\/\/canif.org\/index.php?rest_route=\/wp\/v2\/pages"}],"about":[{"href":"https:\/\/canif.org\/index.php?rest_route=\/wp\/v2\/types\/page"}],"author":[{"embeddable":true,"href":"https:\/\/canif.org\/index.php?rest_route=\/wp\/v2\/users\/1"}],"replies":[{"embeddable":true,"href":"https:\/\/canif.org\/index.php?rest_route=%2Fwp%2Fv2%2Fcomments&post=206"}],"version-history":[{"count":1,"href":"https:\/\/canif.org\/index.php?rest_route=\/wp\/v2\/pages\/206\/revisions"}],"predecessor-version":[{"id":530,"href":"https:\/\/canif.org\/index.php?rest_route=\/wp\/v2\/pages\/206\/revisions\/530"}],"wp:attachment":[{"href":"https:\/\/canif.org\/index.php?rest_route=%2Fwp%2Fv2%2Fmedia&parent=206"}],"curies":[{"name":"wp","href":"https:\/\/api.w.org\/{rel}","templated":true}]}}